{"id":808,"date":"2022-09-19T18:57:02","date_gmt":"2022-09-19T16:57:02","guid":{"rendered":"https:\/\/tfc2022.elka.pw.edu.pl\/?page_id=808"},"modified":"2022-09-19T19:08:42","modified_gmt":"2022-09-19T17:08:42","slug":"how-to-find-us","status":"publish","type":"page","link":"https:\/\/tfc2022.elka.pw.edu.pl\/?page_id=808","title":{"rendered":"HOW TO FIND US"},"content":{"rendered":"\n<p>TFC2022 takes place in the building of the Faculty of Electronics and Information Technology, Warsaw University of Technology, <br>ul. Nowowiejska 15\/19 &#8211; please use the main entrance.<\/p>\n\n\n\n<figure class=\"wp-block-image size-large\"><img loading=\"lazy\" decoding=\"async\" width=\"1024\" height=\"900\" src=\"https:\/\/tfc2022.elka.pw.edu.pl\/wp-content\/uploads\/2022\/09\/tfc2022buiding-1024x900.png\" alt=\"\" class=\"wp-image-809\" srcset=\"https:\/\/tfc2022.elka.pw.edu.pl\/wp-content\/uploads\/2022\/09\/tfc2022buiding-1024x900.png 1024w, https:\/\/tfc2022.elka.pw.edu.pl\/wp-content\/uploads\/2022\/09\/tfc2022buiding-300x264.png 300w, https:\/\/tfc2022.elka.pw.edu.pl\/wp-content\/uploads\/2022\/09\/tfc2022buiding-768x675.png 768w, https:\/\/tfc2022.elka.pw.edu.pl\/wp-content\/uploads\/2022\/09\/tfc2022buiding.png 1291w\" sizes=\"auto, (max-width: 767px) 89vw, (max-width: 1000px) 54vw, (max-width: 1071px) 543px, 580px\" \/><\/figure>\n\n\n\n<figure class=\"wp-block-image size-large\"><img loading=\"lazy\" decoding=\"async\" width=\"1024\" height=\"617\" src=\"https:\/\/tfc2022.elka.pw.edu.pl\/wp-content\/uploads\/2022\/09\/tfc2022entrance-1-1024x617.png\" alt=\"\" class=\"wp-image-811\" srcset=\"https:\/\/tfc2022.elka.pw.edu.pl\/wp-content\/uploads\/2022\/09\/tfc2022entrance-1-1024x617.png 1024w, https:\/\/tfc2022.elka.pw.edu.pl\/wp-content\/uploads\/2022\/09\/tfc2022entrance-1-300x181.png 300w, https:\/\/tfc2022.elka.pw.edu.pl\/wp-content\/uploads\/2022\/09\/tfc2022entrance-1-768x462.png 768w, https:\/\/tfc2022.elka.pw.edu.pl\/wp-content\/uploads\/2022\/09\/tfc2022entrance-1.png 1189w\" sizes=\"auto, (max-width: 767px) 89vw, (max-width: 1000px) 54vw, (max-width: 1071px) 543px, 580px\" \/><\/figure>\n\n\n\n<p>You could get there using public transport and stop at one of the close stop areas:<br>. Plac Politechniki (pl. Politechniki)<br>. Metro Politechnika (ul. Wary\u0144skiego)<br>. Metro Politechnika (al. Armii Ludowej)<br>. Nowowiejska (al. Niepodleg\u0142o\u015bci)<br>. Noakowskiego (ul. Koszykowa)<br>In-person participants will be provided with 3-day public transport tickets. <\/p>\n\n\n\n<p>Detailed information concerning public transport usage &amp; timetables could be found on the Warsaw Public Transport website <a rel=\"noreferrer noopener\" href=\"https:\/\/www.wtp.waw.pl\/en\/\" target=\"_blank\">https:\/\/www.wtp.waw.pl\/en\/<\/a>.<\/p>\n\n\n\n<p>It is possible to use the car park near the faculty building &#8211; please contact the organizers to get an admission card.<\/p>\n","protected":false},"excerpt":{"rendered":"<p>TFC2022 takes place in the building of the Faculty of Electronics and Information Technology, Warsaw University of Technology, ul. Nowowiejska 15\/19 &#8211; please use the main entrance. You could get there using public transport and stop at one of the close stop areas:. Plac Politechniki (pl. Politechniki). Metro Politechnika (ul. Wary\u0144skiego). Metro Politechnika (al. Armii &hellip; <\/p>\n<p class=\"link-more\"><a href=\"https:\/\/tfc2022.elka.pw.edu.pl\/?page_id=808\" class=\"more-link\">Continue reading<span class=\"screen-reader-text\"> &#8220;HOW TO FIND US&#8221;<\/span><\/a><\/p>\n","protected":false},"author":1,"featured_media":0,"parent":0,"menu_order":0,"comment_status":"closed","ping_status":"closed","template":"","meta":{"footnotes":""},"class_list":["post-808","page","type-page","status-publish","hentry"],"_links":{"self":[{"href":"https:\/\/tfc2022.elka.pw.edu.pl\/index.php?rest_route=\/wp\/v2\/pages\/808","targetHints":{"allow":["GET"]}}],"collection":[{"href":"https:\/\/tfc2022.elka.pw.edu.pl\/index.php?rest_route=\/wp\/v2\/pages"}],"about":[{"href":"https:\/\/tfc2022.elka.pw.edu.pl\/index.php?rest_route=\/wp\/v2\/types\/page"}],"author":[{"embeddable":true,"href":"https:\/\/tfc2022.elka.pw.edu.pl\/index.php?rest_route=\/wp\/v2\/users\/1"}],"replies":[{"embeddable":true,"href":"https:\/\/tfc2022.elka.pw.edu.pl\/index.php?rest_route=%2Fwp%2Fv2%2Fcomments&post=808"}],"version-history":[{"count":4,"href":"https:\/\/tfc2022.elka.pw.edu.pl\/index.php?rest_route=\/wp\/v2\/pages\/808\/revisions"}],"predecessor-version":[{"id":816,"href":"https:\/\/tfc2022.elka.pw.edu.pl\/index.php?rest_route=\/wp\/v2\/pages\/808\/revisions\/816"}],"wp:attachment":[{"href":"https:\/\/tfc2022.elka.pw.edu.pl\/index.php?rest_route=%2Fwp%2Fv2%2Fmedia&parent=808"}],"curies":[{"name":"wp","href":"https:\/\/api.w.org\/{rel}","templated":true}]}}