{"id":15,"date":"2021-10-15T15:23:16","date_gmt":"2021-10-15T13:23:16","guid":{"rendered":"https:\/\/tfc2022.elka.pw.edu.pl\/?page_id=15"},"modified":"2022-09-09T15:55:41","modified_gmt":"2022-09-09T13:55:41","slug":"informacje","status":"publish","type":"page","link":"https:\/\/tfc2022.elka.pw.edu.pl\/?page_id=15","title":{"rendered":"ABOUT"},"content":{"rendered":"\n<p class=\"has-text-align-left\"><strong>Conference dates<\/strong><br>27-29 September 2022, <br>with a workshop\/tutorial pre-conference day on 26 September<\/p>\n\n\n\n<p class=\"has-text-align-left\"><strong>Conference venue<\/strong><br>Faculty of Electronics and Information Technology, <br>Warsaw University of Technology, Warsaw, Poland<\/p>\n\n\n\n<p class=\"has-text-align-left\"><strong>Conference language<\/strong><br>English<\/p>\n\n\n\n<p class=\"has-text-align-left\"><strong>General Chair<\/strong><br>Dr. Jerzy Chrz\u0105szcz, Warsaw University of Technology<\/p>\n\n\n\n<p class=\"has-text-align-left\"><strong>Scientific Chair<\/strong><br>Prof. Robert Nowak, Warsaw University of Technology<\/p>\n\n\n\n<p><strong>Program Committee<\/strong><br>Prof. Stelian Brad,&nbsp;Cluj&nbsp;IT Cluster, Technical University of Cluj-Napoca, Romania&nbsp;<br>Prof. Denis Cavallucci,&nbsp;ICube, INSA Strasbourg, France&nbsp;<br>Dr. Jerzy Chrz\u0105szcz, Warsaw University of Technology<br>Prof. Sebastian&nbsp;Kozio\u0142ek, Wroclaw University of Technology, Poland<br>Prof. Pavel&nbsp;Livotov, PPI, Offenburg University, Germany&nbsp;<br>Prof.&nbsp;Robert Nowak,&nbsp;Warsaw University of Technology, Poland&nbsp;<br>Prof.&nbsp;Tomasz Starecki,&nbsp;Warsaw University of Technology, Poland&nbsp;<br>Dr.&nbsp;hab.&nbsp;Pawe\u0142&nbsp;Wawrzy\u0144ski,&nbsp;Warsaw University of Technology, Poland&nbsp;<br>Prof.&nbsp;Cezary Zieli\u0144ski,&nbsp;Warsaw University of Technology, Poland&nbsp; <\/p>\n\n\n\n<p><strong>Scientific Committee<\/strong><\/p>\n\n\n\n<p>Rafa\u0142 Biedrzycki, Warsaw University of Technology, Poland<br>Robert Bembenik, Warsaw University of Technology, Poland<br>Rachid Benmoussa, Cadi Ayyad University, Marrakesh, Morocco<br>Yuri Borgianni, Free University of Bozen-Bolzano, Italy<br>Hicham Chibane, INSA Graduate School of Science and Technology of Strasbourg, France<br>Micha\u0142 Chwesiuk, Warsaw University of Technology, Poland<br>Marco De Carvalho, Universidade Tecnol\u00f3gica Federal do Paran\u00e1, Brazil<br>Roland De Guio, INSA Graduate School of Science and Technology of Strasbourg, France<br>S\u00e9bastien Dubois, INSA Graduate School of Science and Technology of Strasbourg, France<br>Oleg Feygenson, International TRIZ Association, Korea<br>Lorenzo Fiorineschi, University of Florence, Italy<br>Grzegorz Protaziuk, Warsaw University of Technology, Poland<br>Tomasz Gambin, Warsaw University of Technology, Poland<br>Piotr Gawrysiak, Warsaw University of Technology, Poland<br>Hans-Gert Gr\u00e4be, University of Leipzig, Germany<br>Maciej Grzenda, Warsaw University of Technology, Poland<br>Claudia Hentschel, Hochschule f\u00fcr Technik und Wirtschaft Berlin, Germany<br>Mariusz Kaleta, Warsaw University of Technology, Poland<br>W\u0142odzimierz Kasprzak, Warsaw University of Technology, Poland<br>Jacek Komorowski, Warsaw University of Technology, Poland<br>Maciej \u0141awry\u0144czuk, Warsaw University of Technology, Poland<br>Lorenzo Maccioni, Free University of Bozen-Bolzano, Italy<br>Nicolas Maranzana, Ecole Nationale Sup\u00e9rieure d\u2019Arts et M\u00e9tiers Paris, France<br>Oliver Mayer, Bayern Innovativ GmbH, Germany<br>Jacek Misiurewicz, Warsaw University of Technology, Poland<br>Mieczys\u0142aw Muraszkiewicz, Warsaw University of Technology, Poland<br>Toru Nakagawa, Osaka Gakuin University, Japan<br>Stephane Negny, Toulouse Graduate School of Chemical Materials and Industrial Engineering, France<br>Piotr Pa\u0142ka, Warsaw University of Technology, Poland<br>Valeriy Prushinskiy, Samsung Electronics, Korea<br>Federico Rotini, University of Florence, Italy<br>Davide Russo, University of Bergamo, Italy<br>Dominik Ry\u017cko, Warsaw University of Technology, Poland<br>\u0141ukasz Skonieczny, Warsaw University of Technology, Poland<br>Fernando Solano-Donado, Warsaw University of Technology, Poland<br>Christian Spreafico, University of Bergamo, Italy<br>Christian Thurnes, Hochschule Kaiserslautern, Germany<br>Jaros\u0142aw Turkiewicz, Warsaw University of Technology, Poland<br>Jacek Wytr\u0119bowicz, Warsaw University of Technology, Poland<\/p>\n\n\n\n<p class=\"has-text-align-left\"><strong>Organizing Committee<\/strong><br>Urszula Adamiec, Warsaw University of Technology<br>Krystian Chachu\u0142a, Warsaw University of Technology<br>\u0141ukasz Chorchos, Warsaw University of Technology<br>Owais Khanday, Warsaw University of Technology<br>Gabriela Mi\u0105czy\u0144ska, Warsaw University of Technology<br>Farhan Muhammad, Warsaw University of Technology<br>Katarzyna Na\u0142\u0119cz-Charkiewicz, Warsaw University of Technology<br>\u0141ukasz Neumann, Warsaw University of Technology<br>Marek Sieczkowski, Warsaw University of Technology<br>Justyna Zg\u00f3rzak, Warsaw University of Technology<\/p>\n\n\n\n<p><\/p>\n","protected":false},"excerpt":{"rendered":"<p>Conference dates27-29 September 2022, with a workshop\/tutorial pre-conference day on 26 September Conference venueFaculty of Electronics and Information Technology, Warsaw University of Technology, Warsaw, Poland Conference languageEnglish General ChairDr. Jerzy Chrz\u0105szcz, Warsaw University of Technology Scientific ChairProf. Robert Nowak, Warsaw University of Technology Program CommitteeProf. Stelian Brad,&nbsp;Cluj&nbsp;IT Cluster, Technical University of Cluj-Napoca, Romania&nbsp;Prof. Denis Cavallucci,&nbsp;ICube, &hellip; <\/p>\n<p class=\"link-more\"><a href=\"https:\/\/tfc2022.elka.pw.edu.pl\/?page_id=15\" class=\"more-link\">Continue reading<span class=\"screen-reader-text\"> &#8220;ABOUT&#8221;<\/span><\/a><\/p>\n","protected":false},"author":1,"featured_media":0,"parent":0,"menu_order":0,"comment_status":"closed","ping_status":"closed","template":"","meta":{"footnotes":""},"class_list":["post-15","page","type-page","status-publish","hentry"],"_links":{"self":[{"href":"https:\/\/tfc2022.elka.pw.edu.pl\/index.php?rest_route=\/wp\/v2\/pages\/15","targetHints":{"allow":["GET"]}}],"collection":[{"href":"https:\/\/tfc2022.elka.pw.edu.pl\/index.php?rest_route=\/wp\/v2\/pages"}],"about":[{"href":"https:\/\/tfc2022.elka.pw.edu.pl\/index.php?rest_route=\/wp\/v2\/types\/page"}],"author":[{"embeddable":true,"href":"https:\/\/tfc2022.elka.pw.edu.pl\/index.php?rest_route=\/wp\/v2\/users\/1"}],"replies":[{"embeddable":true,"href":"https:\/\/tfc2022.elka.pw.edu.pl\/index.php?rest_route=%2Fwp%2Fv2%2Fcomments&post=15"}],"version-history":[{"count":32,"href":"https:\/\/tfc2022.elka.pw.edu.pl\/index.php?rest_route=\/wp\/v2\/pages\/15\/revisions"}],"predecessor-version":[{"id":796,"href":"https:\/\/tfc2022.elka.pw.edu.pl\/index.php?rest_route=\/wp\/v2\/pages\/15\/revisions\/796"}],"wp:attachment":[{"href":"https:\/\/tfc2022.elka.pw.edu.pl\/index.php?rest_route=%2Fwp%2Fv2%2Fmedia&parent=15"}],"curies":[{"name":"wp","href":"https:\/\/api.w.org\/{rel}","templated":true}]}}